{"id":1027,"date":"2017-04-11T13:13:02","date_gmt":"2017-04-11T13:13:02","guid":{"rendered":"https:\/\/fkgintra.lt\/?page_id=1027"},"modified":"2017-04-13T17:43:26","modified_gmt":"2017-04-13T17:43:26","slug":"vlad-test","status":"publish","type":"page","link":"https:\/\/fkgintra.lt\/en\/vlad-test\/","title":{"rendered":"Vlad test"},"content":{"rendered":"<div class=\"wpb-content-wrapper\"><div class=\"vc_row wpb_row vc_row-fluid\"><div class=\"wpb_column vc_column_container vc_col-sm-12\"><div class=\"vc_column-inner\"><div class=\"wpb_wrapper\">\n<div class=\"row team_woocommerce_product_slider\">\n    <div class=\"col-md-12\">\n        <div class=\"owl-carousel owl-theme\">\n                        <div class=\"wpb_animate_when_almost_visible wpb_slideInUp slideInUp\">\n                \n<div class=\"store-list-item post-5440 product type-product status-publish has-post-thumbnail product_cat-uncategorized first instock shipping-taxable purchasable product-type-simple\">\n    <div>\n                \n\t        \n        <a href=\"https:\/\/fkgintra.lt\/en\/product\/stilingas-universalus-dzemperis-juodas\/\">\n            <img loading=\"lazy\" decoding=\"async\" width=\"270\" height=\"393\" src=\"https:\/\/fkgintra.lt\/wp-content\/uploads\/2023\/12\/juodas-galas-270x393.png\" class=\"attachment-team_shop_catalog size-team_shop_catalog\" alt=\"\" srcset=\"https:\/\/fkgintra.lt\/wp-content\/uploads\/2023\/12\/juodas-galas-270x393.png 270w, https:\/\/fkgintra.lt\/wp-content\/uploads\/2023\/12\/juodas-galas-8x12.png 8w, https:\/\/fkgintra.lt\/wp-content\/uploads\/2023\/12\/juodas-galas-110x160.png 110w\" sizes=\"(max-width: 270px) 100vw, 270px\" \/>        <\/a>\n        <div class=\"info\">\n                        \n            <span class=\"name\">Stilingo dizaino laisvalaikio d\u017eemperis (juodas)<\/span>\n            \n            \n\t<span class=\"price\"><span class=\"woocommerce-Price-amount amount\"><bdi><span class=\"woocommerce-Price-currencySymbol\">&euro;<\/span>40.00<\/bdi><\/span><\/span>\n\n<div class=\"btn-wrap\">\n    <a rel=\"nofollow\" href=\"?add-to-cart=5440\" data-quantity=\"1\" data-product_id=\"5440\" data-product_sku=\"\" class=\"btn small\" data-no-translation=\"\" data-trp-gettext=\"\">Add to cart<\/a>            <a href=\"https:\/\/fkgintra.lt\/en\/product\/stilingas-universalus-dzemperis-juodas\/\" class=\"btn small\">Details<\/a>\n    <\/div>\n        <\/div>\n    <\/div>\n<\/div>\n            <\/div>\n                        <div class=\"wpb_animate_when_almost_visible wpb_slideInUp slideInUp\">\n                \n<div class=\"store-list-item post-1994 product type-product status-publish has-post-thumbnail product_cat-uncategorized  instock featured shipping-taxable purchasable product-type-simple\">\n    <div>\n                \n\t        \n        <a href=\"https:\/\/fkgintra.lt\/en\/product\/oficialus-klubo-marskineliai-geltoni\/\">\n            <img loading=\"lazy\" decoding=\"async\" width=\"270\" height=\"393\" src=\"https:\/\/fkgintra.lt\/wp-content\/uploads\/2023\/01\/varzybiniai-geltoni-270x393.png\" class=\"attachment-team_shop_catalog size-team_shop_catalog\" alt=\"\" srcset=\"https:\/\/fkgintra.lt\/wp-content\/uploads\/2023\/01\/varzybiniai-geltoni-270x393.png 270w, https:\/\/fkgintra.lt\/wp-content\/uploads\/2023\/01\/varzybiniai-geltoni-8x12.png 8w, https:\/\/fkgintra.lt\/wp-content\/uploads\/2023\/01\/varzybiniai-geltoni-110x160.png 110w\" sizes=\"(max-width: 270px) 100vw, 270px\" \/>        <\/a>\n        <div class=\"info\">\n                        \n            <span class=\"name\">Var\u017eybiniai mar\u0161kin\u0117liai (geltoni)<\/span>\n            \n            \n\t<span class=\"price\"><span class=\"woocommerce-Price-amount amount\"><bdi><span class=\"woocommerce-Price-currencySymbol\">&euro;<\/span>40.00<\/bdi><\/span><\/span>\n\n<div class=\"btn-wrap\">\n    <a rel=\"nofollow\" href=\"?add-to-cart=1994\" data-quantity=\"1\" data-product_id=\"1994\" data-product_sku=\"\" class=\"btn small\" data-no-translation=\"\" data-trp-gettext=\"\">Add to cart<\/a>            <a href=\"https:\/\/fkgintra.lt\/en\/product\/oficialus-klubo-marskineliai-geltoni\/\" class=\"btn small\">Details<\/a>\n    <\/div>\n        <\/div>\n    <\/div>\n<\/div>\n            <\/div>\n                        <div class=\"wpb_animate_when_almost_visible wpb_slideInUp slideInUp\">\n                \n<div class=\"store-list-item post-5428 product type-product status-publish has-post-thumbnail product_cat-uncategorized  instock shipping-taxable purchasable product-type-simple\">\n    <div>\n                \n\t        \n        <a href=\"https:\/\/fkgintra.lt\/en\/product\/stilingo-dizaino-laisvalaikio-marskineliai\/\">\n            <img loading=\"lazy\" decoding=\"async\" width=\"270\" height=\"393\" src=\"https:\/\/fkgintra.lt\/wp-content\/uploads\/2023\/12\/wearegintra-marskineliai-270x393.png\" class=\"attachment-team_shop_catalog size-team_shop_catalog\" alt=\"\" srcset=\"https:\/\/fkgintra.lt\/wp-content\/uploads\/2023\/12\/wearegintra-marskineliai-270x393.png 270w, https:\/\/fkgintra.lt\/wp-content\/uploads\/2023\/12\/wearegintra-marskineliai-8x12.png 8w, https:\/\/fkgintra.lt\/wp-content\/uploads\/2023\/12\/wearegintra-marskineliai-110x160.png 110w\" sizes=\"(max-width: 270px) 100vw, 270px\" \/>        <\/a>\n        <div class=\"info\">\n                        \n            <span class=\"name\">Laisvalaikio mar\u0161kin\u0117liai #wearegintra<\/span>\n            \n            \n\t<span class=\"price\"><span class=\"woocommerce-Price-amount amount\"><bdi><span class=\"woocommerce-Price-currencySymbol\">&euro;<\/span>20.00<\/bdi><\/span><\/span>\n\n<div class=\"btn-wrap\">\n    <a rel=\"nofollow\" href=\"?add-to-cart=5428\" data-quantity=\"1\" data-product_id=\"5428\" data-product_sku=\"\" class=\"btn small\" data-no-translation=\"\" data-trp-gettext=\"\">Add to cart<\/a>            <a href=\"https:\/\/fkgintra.lt\/en\/product\/stilingo-dizaino-laisvalaikio-marskineliai\/\" class=\"btn small\">Details<\/a>\n    <\/div>\n        <\/div>\n    <\/div>\n<\/div>\n            <\/div>\n                        <div class=\"wpb_animate_when_almost_visible wpb_slideInUp slideInUp\">\n                \n<div class=\"store-list-item post-2079 product type-product status-publish has-post-thumbnail product_cat-uncategorized last instock featured shipping-taxable purchasable product-type-simple\">\n    <div>\n                \n\t        \n        <a href=\"https:\/\/fkgintra.lt\/en\/product\/official-club-jersey-white\/\">\n            <img loading=\"lazy\" decoding=\"async\" width=\"270\" height=\"393\" src=\"https:\/\/fkgintra.lt\/wp-content\/uploads\/2023\/01\/juodi-varzybiniai-270x393.png\" class=\"attachment-team_shop_catalog size-team_shop_catalog\" alt=\"\" srcset=\"https:\/\/fkgintra.lt\/wp-content\/uploads\/2023\/01\/juodi-varzybiniai-270x393.png 270w, https:\/\/fkgintra.lt\/wp-content\/uploads\/2023\/01\/juodi-varzybiniai-8x12.png 8w, https:\/\/fkgintra.lt\/wp-content\/uploads\/2023\/01\/juodi-varzybiniai-110x160.png 110w\" sizes=\"(max-width: 270px) 100vw, 270px\" \/>        <\/a>\n        <div class=\"info\">\n                        \n            <span class=\"name\">Var\u017eybiniai mar\u0161kin\u0117liai (juodi)<\/span>\n            \n            \n\t<span class=\"price\"><span class=\"woocommerce-Price-amount amount\"><bdi><span class=\"woocommerce-Price-currencySymbol\">&euro;<\/span>40.00<\/bdi><\/span><\/span>\n\n<div class=\"btn-wrap\">\n    <a rel=\"nofollow\" href=\"?add-to-cart=2079\" data-quantity=\"1\" data-product_id=\"2079\" data-product_sku=\"\" class=\"btn small\" data-no-translation=\"\" data-trp-gettext=\"\">Add to cart<\/a>            <a href=\"https:\/\/fkgintra.lt\/en\/product\/official-club-jersey-white\/\" class=\"btn small\">Details<\/a>\n    <\/div>\n        <\/div>\n    <\/div>\n<\/div>\n            <\/div>\n                        <div class=\"wpb_animate_when_almost_visible wpb_slideInUp slideInUp\">\n                \n<div class=\"store-list-item post-7218 product type-product status-publish has-post-thumbnail product_cat-uncategorized first instock shipping-taxable purchasable product-type-simple\">\n    <div>\n                \n\t        \n        <a href=\"https:\/\/fkgintra.lt\/en\/product\/laisvalaikio-marskineliai-20-in-a-row\/\">\n            <img loading=\"lazy\" decoding=\"async\" width=\"270\" height=\"393\" src=\"https:\/\/fkgintra.lt\/wp-content\/uploads\/2025\/08\/20-in-a-row-juodi-270x393.png\" class=\"attachment-team_shop_catalog size-team_shop_catalog\" alt=\"\" srcset=\"https:\/\/fkgintra.lt\/wp-content\/uploads\/2025\/08\/20-in-a-row-juodi-270x393.png 270w, https:\/\/fkgintra.lt\/wp-content\/uploads\/2025\/08\/20-in-a-row-juodi-8x12.png 8w, https:\/\/fkgintra.lt\/wp-content\/uploads\/2025\/08\/20-in-a-row-juodi-110x160.png 110w\" sizes=\"(max-width: 270px) 100vw, 270px\" \/>        <\/a>\n        <div class=\"info\">\n                        \n            <span class=\"name\">Laisvalaikio mar\u0161kin\u0117liai \u201e20 in a row\u201c<\/span>\n            \n            \n\t<span class=\"price\"><span class=\"woocommerce-Price-amount amount\"><bdi><span class=\"woocommerce-Price-currencySymbol\">&euro;<\/span>20.00<\/bdi><\/span><\/span>\n\n<div class=\"btn-wrap\">\n    <a rel=\"nofollow\" href=\"?add-to-cart=7218\" data-quantity=\"1\" data-product_id=\"7218\" data-product_sku=\"\" class=\"btn small\" data-no-translation=\"\" data-trp-gettext=\"\">Add to cart<\/a>            <a href=\"https:\/\/fkgintra.lt\/en\/product\/laisvalaikio-marskineliai-20-in-a-row\/\" class=\"btn small\">Details<\/a>\n    <\/div>\n        <\/div>\n    <\/div>\n<\/div>\n            <\/div>\n                        <div class=\"wpb_animate_when_almost_visible wpb_slideInUp slideInUp\">\n                \n<div class=\"store-list-item post-5437 product type-product status-publish has-post-thumbnail product_cat-uncategorized  instock shipping-taxable purchasable product-type-simple\">\n    <div>\n                \n\t        \n        <a href=\"https:\/\/fkgintra.lt\/en\/product\/stilingas-universalus-dzemperis\/\">\n            <img loading=\"lazy\" decoding=\"async\" width=\"270\" height=\"393\" src=\"https:\/\/fkgintra.lt\/wp-content\/uploads\/2023\/12\/geltonas-priekis-270x393.png\" class=\"attachment-team_shop_catalog size-team_shop_catalog\" alt=\"\" srcset=\"https:\/\/fkgintra.lt\/wp-content\/uploads\/2023\/12\/geltonas-priekis-270x393.png 270w, https:\/\/fkgintra.lt\/wp-content\/uploads\/2023\/12\/geltonas-priekis-8x12.png 8w, https:\/\/fkgintra.lt\/wp-content\/uploads\/2023\/12\/geltonas-priekis-110x160.png 110w\" sizes=\"(max-width: 270px) 100vw, 270px\" \/>        <\/a>\n        <div class=\"info\">\n                        \n            <span class=\"name\">Stilingo dizaino laisvalaikio d\u017eemperis (geltonas)<\/span>\n            \n            \n\t<span class=\"price\"><span class=\"woocommerce-Price-amount amount\"><bdi><span class=\"woocommerce-Price-currencySymbol\">&euro;<\/span>40.00<\/bdi><\/span><\/span>\n\n<div class=\"btn-wrap\">\n    <a rel=\"nofollow\" href=\"?add-to-cart=5437\" data-quantity=\"1\" data-product_id=\"5437\" data-product_sku=\"\" class=\"btn small\" data-no-translation=\"\" data-trp-gettext=\"\">Add to cart<\/a>            <a href=\"https:\/\/fkgintra.lt\/en\/product\/stilingas-universalus-dzemperis\/\" class=\"btn small\">Details<\/a>\n    <\/div>\n        <\/div>\n    <\/div>\n<\/div>\n            <\/div>\n                        <div class=\"wpb_animate_when_almost_visible wpb_slideInUp slideInUp\">\n                \n<div class=\"store-list-item post-1986 product type-product status-publish has-post-thumbnail product_cat-uncategorized  instock shipping-taxable purchasable product-type-simple\">\n    <div>\n                \n\t        \n        <a href=\"https:\/\/fkgintra.lt\/en\/product\/firmine-fc-gintra-kepuraite-su-tinkleliu-reguliuojamo-dydzio\/\">\n            <img loading=\"lazy\" decoding=\"async\" width=\"270\" height=\"393\" src=\"https:\/\/fkgintra.lt\/wp-content\/uploads\/2023\/01\/kepuraite-270x393.png\" class=\"attachment-team_shop_catalog size-team_shop_catalog\" alt=\"\" srcset=\"https:\/\/fkgintra.lt\/wp-content\/uploads\/2023\/01\/kepuraite-270x393.png 270w, https:\/\/fkgintra.lt\/wp-content\/uploads\/2023\/01\/kepuraite-8x12.png 8w, https:\/\/fkgintra.lt\/wp-content\/uploads\/2023\/01\/kepuraite-110x160.png 110w\" sizes=\"(max-width: 270px) 100vw, 270px\" \/>        <\/a>\n        <div class=\"info\">\n                        \n            <span class=\"name\">FC Gintra kepurait\u0117 su tinkleliu<\/span>\n            \n            \n\t<span class=\"price\"><span class=\"woocommerce-Price-amount amount\"><bdi><span class=\"woocommerce-Price-currencySymbol\">&euro;<\/span>15.00<\/bdi><\/span><\/span>\n\n<div class=\"btn-wrap\">\n    <a rel=\"nofollow\" href=\"?add-to-cart=1986\" data-quantity=\"1\" data-product_id=\"1986\" data-product_sku=\"\" class=\"btn small\" data-no-translation=\"\" data-trp-gettext=\"\">Add to cart<\/a>            <a href=\"https:\/\/fkgintra.lt\/en\/product\/firmine-fc-gintra-kepuraite-su-tinkleliu-reguliuojamo-dydzio\/\" class=\"btn small\">Details<\/a>\n    <\/div>\n        <\/div>\n    <\/div>\n<\/div>\n            <\/div>\n                        <div class=\"wpb_animate_when_almost_visible wpb_slideInUp slideInUp\">\n                \n<div class=\"store-list-item post-1983 product type-product status-publish has-post-thumbnail product_cat-uncategorized last instock shipping-taxable purchasable product-type-simple\">\n    <div>\n                \n\t        \n        <a href=\"https:\/\/fkgintra.lt\/en\/product\/firminis-daugkartinis-fc-gintra-kavos-puodelis-280-ml\/\">\n            <img loading=\"lazy\" decoding=\"async\" width=\"270\" height=\"393\" src=\"https:\/\/fkgintra.lt\/wp-content\/uploads\/2023\/01\/kavos-puodelis-front-www-2-270x393.jpg\" class=\"attachment-team_shop_catalog size-team_shop_catalog\" alt=\"\" srcset=\"https:\/\/fkgintra.lt\/wp-content\/uploads\/2023\/01\/kavos-puodelis-front-www-2-270x393.jpg 270w, https:\/\/fkgintra.lt\/wp-content\/uploads\/2023\/01\/kavos-puodelis-front-www-2-9x12.jpg 9w, https:\/\/fkgintra.lt\/wp-content\/uploads\/2023\/01\/kavos-puodelis-front-www-2-110x160.jpg 110w\" sizes=\"(max-width: 270px) 100vw, 270px\" \/>        <\/a>\n        <div class=\"info\">\n                        \n            <span class=\"name\">Termo puodelis<\/span>\n            \n            \n\t<span class=\"price\"><span class=\"woocommerce-Price-amount amount\"><bdi><span class=\"woocommerce-Price-currencySymbol\">&euro;<\/span>12.00<\/bdi><\/span><\/span>\n\n<div class=\"btn-wrap\">\n    <a rel=\"nofollow\" href=\"?add-to-cart=1983\" data-quantity=\"1\" data-product_id=\"1983\" data-product_sku=\"\" class=\"btn small\" data-no-translation=\"\" data-trp-gettext=\"\">Add to cart<\/a>            <a href=\"https:\/\/fkgintra.lt\/en\/product\/firminis-daugkartinis-fc-gintra-kavos-puodelis-280-ml\/\" class=\"btn small\">Details<\/a>\n    <\/div>\n        <\/div>\n    <\/div>\n<\/div>\n            <\/div>\n                        <div class=\"wpb_animate_when_almost_visible wpb_slideInUp slideInUp\">\n                \n<div class=\"store-list-item post-2094 product type-product status-publish has-post-thumbnail product_cat-uncategorized first instock shipping-taxable purchasable product-type-simple\">\n    <div>\n                \n\t        \n        <a href=\"https:\/\/fkgintra.lt\/en\/product\/originalus-klubo-zenkliukas\/\">\n            <img loading=\"lazy\" decoding=\"async\" width=\"270\" height=\"393\" src=\"https:\/\/fkgintra.lt\/wp-content\/uploads\/2022\/10\/IMG_6774-\u2013-kopijaa-700x400-1-270x393.jpg\" class=\"attachment-team_shop_catalog size-team_shop_catalog\" alt=\"\" srcset=\"https:\/\/fkgintra.lt\/wp-content\/uploads\/2022\/10\/IMG_6774-\u2013-kopijaa-700x400-1-270x393.jpg 270w, https:\/\/fkgintra.lt\/wp-content\/uploads\/2022\/10\/IMG_6774-\u2013-kopijaa-700x400-1-110x160.jpg 110w\" sizes=\"(max-width: 270px) 100vw, 270px\" \/>        <\/a>\n        <div class=\"info\">\n                        \n            <span class=\"name\">Klubo \u017eenkliukas<\/span>\n            \n            \n\t<span class=\"price\"><span class=\"woocommerce-Price-amount amount\"><bdi><span class=\"woocommerce-Price-currencySymbol\">&euro;<\/span>5.00<\/bdi><\/span><\/span>\n\n<div class=\"btn-wrap\">\n    <a rel=\"nofollow\" href=\"?add-to-cart=2094\" data-quantity=\"1\" data-product_id=\"2094\" data-product_sku=\"\" class=\"btn small\" data-no-translation=\"\" data-trp-gettext=\"\">Add to cart<\/a>            <a href=\"https:\/\/fkgintra.lt\/en\/product\/originalus-klubo-zenkliukas\/\" class=\"btn small\">Details<\/a>\n    <\/div>\n        <\/div>\n    <\/div>\n<\/div>\n            <\/div>\n                        <div class=\"wpb_animate_when_almost_visible wpb_slideInUp slideInUp\">\n                \n<div class=\"store-list-item post-2083 product type-product status-publish has-post-thumbnail product_cat-uncategorized  instock shipping-taxable purchasable product-type-simple\">\n    <div>\n                \n\t        \n        <a href=\"https:\/\/fkgintra.lt\/en\/product\/oficialus-klubo-salikas\/\">\n            <img loading=\"lazy\" decoding=\"async\" width=\"270\" height=\"393\" src=\"https:\/\/fkgintra.lt\/wp-content\/uploads\/2022\/10\/salikas-270x393.jpg\" class=\"attachment-team_shop_catalog size-team_shop_catalog\" alt=\"\" srcset=\"https:\/\/fkgintra.lt\/wp-content\/uploads\/2022\/10\/salikas-270x393.jpg 270w, https:\/\/fkgintra.lt\/wp-content\/uploads\/2022\/10\/salikas-110x160.jpg 110w\" sizes=\"(max-width: 270px) 100vw, 270px\" \/>        <\/a>\n        <div class=\"info\">\n                        \n            <span class=\"name\">Klubo \u0161alikas<\/span>\n            \n            \n\t<span class=\"price\"><span class=\"woocommerce-Price-amount amount\"><bdi><span class=\"woocommerce-Price-currencySymbol\">&euro;<\/span>20.00<\/bdi><\/span><\/span>\n\n<div class=\"btn-wrap\">\n    <a rel=\"nofollow\" href=\"?add-to-cart=2083\" data-quantity=\"1\" data-product_id=\"2083\" data-product_sku=\"\" class=\"btn small\" data-no-translation=\"\" data-trp-gettext=\"\">Add to cart<\/a>            <a href=\"https:\/\/fkgintra.lt\/en\/product\/oficialus-klubo-salikas\/\" class=\"btn small\">Details<\/a>\n    <\/div>\n        <\/div>\n    <\/div>\n<\/div>\n            <\/div>\n                    <\/div>\n    <\/div>\n    <div class=\"col-md-6\">\n        <div class=\"custom-navigation featured-navigation\">\n            <a class=\"custom-next-btn\">\n                <i class=\"fa fa-angle-left\" aria-hidden=\"true\"><\/i>\n            <\/a>\n            <a class=\"custom-prev-btn\">\n                <i class=\"fa fa-angle-right\" aria-hidden=\"true\"><\/i>\n            <\/a>\n        <\/div>\n    <\/div>\n    <div class=\"col-md-6 text-right\">\n        <a href=\"https:\/\/fkgintra.lt\/en\/shop\/\" class=\"feat-show-all\">show all<\/a>\n    <\/div>\n<\/div>\n\n\n<\/div><\/div><\/div><\/div>\n<\/div>","protected":false},"excerpt":{"rendered":"Med\u017eiaga: 100% poliakrilas Matmenys: 15,5x155cm U\u017esakymai priimami el. p. fkgintra@gmail.com Orders available by email fkgintra@gmail.com","protected":false},"author":3,"featured_media":0,"parent":0,"menu_order":0,"comment_status":"closed","ping_status":"closed","template":"","meta":{"footnotes":""},"_links":{"self":[{"href":"https:\/\/fkgintra.lt\/en\/wp-json\/wp\/v2\/pages\/1027"}],"collection":[{"href":"https:\/\/fkgintra.lt\/en\/wp-json\/wp\/v2\/pages"}],"about":[{"href":"https:\/\/fkgintra.lt\/en\/wp-json\/wp\/v2\/types\/page"}],"author":[{"embeddable":true,"href":"https:\/\/fkgintra.lt\/en\/wp-json\/wp\/v2\/users\/3"}],"replies":[{"embeddable":true,"href":"https:\/\/fkgintra.lt\/en\/wp-json\/wp\/v2\/comments?post=1027"}],"version-history":[{"count":7,"href":"https:\/\/fkgintra.lt\/en\/wp-json\/wp\/v2\/pages\/1027\/revisions"}],"predecessor-version":[{"id":1336,"href":"https:\/\/fkgintra.lt\/en\/wp-json\/wp\/v2\/pages\/1027\/revisions\/1336"}],"wp:attachment":[{"href":"https:\/\/fkgintra.lt\/en\/wp-json\/wp\/v2\/media?parent=1027"}],"curies":[{"name":"wp","href":"https:\/\/api.w.org\/{rel}","templated":true}]}}