{"id":2041,"date":"2022-10-10T16:55:23","date_gmt":"2022-10-10T16:55:23","guid":{"rendered":"https:\/\/fkgintra.lt\/?page_id=2041"},"modified":"2025-08-08T14:07:43","modified_gmt":"2025-08-08T14:07:43","slug":"susisiekti","status":"publish","type":"page","link":"https:\/\/fkgintra.lt\/en\/susisiekti\/","title":{"rendered":"Contacts"},"content":{"rendered":"<div class=\"wpb-content-wrapper\"><div class=\"vc_row wpb_row vc_row-fluid\"><div class=\"wpb_column vc_column_container vc_col-sm-6\"><div class=\"vc_column-inner\"><div class=\"wpb_wrapper\"><h2 style=\"text-align: left;font-family:Abril Fatface;font-weight:400;font-style:normal\" class=\"vc_custom_heading\" >CONTACTS FOR COMMUNICATION<\/h2>\n\t<div class=\"wpb_text_column wpb_content_element\" >\n\t\t<div class=\"wpb_wrapper\">\n\t\t\t<h5><strong>e-mail info@fkgintra.lt<\/strong><br \/>\n<strong>tel. +370 687 33129<\/strong><\/h5>\n\n\t\t<\/div>\n\t<\/div>\n\n\t<div  class=\"wpb_single_image wpb_content_element vc_align_left\">\n\t\t\n\t\t<figure class=\"wpb_wrapper vc_figure\">\n\t\t\t<div class=\"vc_single_image-wrapper   vc_box_border_grey\"><img loading=\"lazy\" decoding=\"async\" width=\"810\" height=\"877\" src=\"https:\/\/fkgintra.lt\/wp-content\/uploads\/2022\/10\/Mantas-Radavi\u010dius-946x1024.jpg\" class=\"vc_single_image-img attachment-large\" alt=\"\" title=\"Mantas Radavi\u010dius\" srcset=\"https:\/\/fkgintra.lt\/wp-content\/uploads\/2022\/10\/Mantas-Radavi\u010dius-946x1024.jpg 946w, https:\/\/fkgintra.lt\/wp-content\/uploads\/2022\/10\/Mantas-Radavi\u010dius-180x195.jpg 180w, https:\/\/fkgintra.lt\/wp-content\/uploads\/2022\/10\/Mantas-Radavi\u010dius-277x300.jpg 277w, https:\/\/fkgintra.lt\/wp-content\/uploads\/2022\/10\/Mantas-Radavi\u010dius-768x832.jpg 768w, https:\/\/fkgintra.lt\/wp-content\/uploads\/2022\/10\/Mantas-Radavi\u010dius-11x12.jpg 11w, https:\/\/fkgintra.lt\/wp-content\/uploads\/2022\/10\/Mantas-Radavi\u010dius-600x650.jpg 600w, https:\/\/fkgintra.lt\/wp-content\/uploads\/2022\/10\/Mantas-Radavi\u010dius.jpg 1329w\" sizes=\"(max-width: 810px) 100vw, 810px\" \/><\/div>\n\t\t<\/figure>\n\t<\/div>\n<\/div><\/div><\/div><\/div><div class=\"vc_row wpb_row vc_row-fluid\"><div class=\"wpb_column vc_column_container vc_col-sm-12\"><div class=\"vc_column-inner\"><div class=\"wpb_wrapper\"><h2 style=\"text-align: left;font-family:Abril Fatface;font-weight:400;font-style:normal\" class=\"vc_custom_heading\" >Racial equality and anti-discriminatory practices<\/h2>\n\t<div class=\"wpb_text_column wpb_content_element\" >\n\t\t<div class=\"wpb_wrapper\">\n\t\t\t<p>If you notice or identify discriminatory activities, please immediately inform the club administration using the following contacts: e-mail: info@fkgintra.lt or tel. +3708733129.<\/p>\n<p>In light of the report, the club is committed to taking action in line with its racial equality and anti-discrimination practices.<\/p>\n\n\t\t<\/div>\n\t<\/div>\n<\/div><\/div><\/div><\/div>\n<\/div>","protected":false},"excerpt":{"rendered":"KONTAKTAI SUSISIEKIMUI el. p. info@fkgintra.lt tel. +370 687 33129 Rasin\u0117s lygyb\u0117s ir antidiskriminacin\u0117 praktika Pasteb\u0117jus, identifikavus diskriminacinio pob\u016bd\u017eio veikl\u0105 pra\u0161ome nedelsiant informuoti klubo administracij\u0105 nurodytais kontaktais: el. p. info@fkgintra.lt arba tel. +3708733129. Atsi\u017evelgiant \u012f prane\u0161im\u0105, vadovaujantis rasin\u0117s lygyb\u0117s ir antidiskriminacine praktika, klubas \u012fsipareigoja imtis veiksm\u0173.","protected":false},"author":3,"featured_media":0,"parent":0,"menu_order":0,"comment_status":"closed","ping_status":"closed","template":"","meta":{"footnotes":""},"_links":{"self":[{"href":"https:\/\/fkgintra.lt\/en\/wp-json\/wp\/v2\/pages\/2041"}],"collection":[{"href":"https:\/\/fkgintra.lt\/en\/wp-json\/wp\/v2\/pages"}],"about":[{"href":"https:\/\/fkgintra.lt\/en\/wp-json\/wp\/v2\/types\/page"}],"author":[{"embeddable":true,"href":"https:\/\/fkgintra.lt\/en\/wp-json\/wp\/v2\/users\/3"}],"replies":[{"embeddable":true,"href":"https:\/\/fkgintra.lt\/en\/wp-json\/wp\/v2\/comments?post=2041"}],"version-history":[{"count":18,"href":"https:\/\/fkgintra.lt\/en\/wp-json\/wp\/v2\/pages\/2041\/revisions"}],"predecessor-version":[{"id":7222,"href":"https:\/\/fkgintra.lt\/en\/wp-json\/wp\/v2\/pages\/2041\/revisions\/7222"}],"wp:attachment":[{"href":"https:\/\/fkgintra.lt\/en\/wp-json\/wp\/v2\/media?parent=2041"}],"curies":[{"name":"wp","href":"https:\/\/api.w.org\/{rel}","templated":true}]}}