{"id":2062,"date":"2022-10-10T20:43:39","date_gmt":"2022-10-10T20:43:39","guid":{"rendered":"https:\/\/fkgintra.lt\/?page_id=2062"},"modified":"2025-08-12T13:36:04","modified_gmt":"2025-08-12T13:36:04","slug":"stadionas","status":"publish","type":"page","link":"https:\/\/fkgintra.lt\/en\/stadionas\/","title":{"rendered":"Stadium"},"content":{"rendered":"<h4><strong>We play our home games in these stadiums<\/strong><\/h4>\n<h5>\u0160iauliai City Municipality Central Stadium (Daukanto St. 23, \u0160iauliai)<\/h5>\n<h4><img loading=\"lazy\" decoding=\"async\" class=\"alignnone wp-image-4031 size-full\" src=\"https:\/\/fkgintra.lt\/wp-content\/uploads\/2022\/12\/centralstadium2.jpg\" alt=\"\" width=\"980\" height=\"735\" srcset=\"https:\/\/fkgintra.lt\/wp-content\/uploads\/2022\/12\/centralstadium2.jpg 980w, https:\/\/fkgintra.lt\/wp-content\/uploads\/2022\/12\/centralstadium2-180x135.jpg 180w, https:\/\/fkgintra.lt\/wp-content\/uploads\/2022\/12\/centralstadium2-300x225.jpg 300w, https:\/\/fkgintra.lt\/wp-content\/uploads\/2022\/12\/centralstadium2-768x576.jpg 768w\" sizes=\"(max-width: 980px) 100vw, 980px\" \/><\/h4>\n<h5><img loading=\"lazy\" decoding=\"async\" class=\"alignnone wp-image-4033 size-full\" src=\"https:\/\/fkgintra.lt\/wp-content\/uploads\/2022\/12\/centralstadium.jpg\" alt=\"\" width=\"980\" height=\"735\" srcset=\"https:\/\/fkgintra.lt\/wp-content\/uploads\/2022\/12\/centralstadium.jpg 980w, https:\/\/fkgintra.lt\/wp-content\/uploads\/2022\/12\/centralstadium-180x135.jpg 180w, https:\/\/fkgintra.lt\/wp-content\/uploads\/2022\/12\/centralstadium-300x225.jpg 300w, https:\/\/fkgintra.lt\/wp-content\/uploads\/2022\/12\/centralstadium-768x576.jpg 768w\" sizes=\"(max-width: 980px) 100vw, 980px\" \/><\/h5>\n<h5>Gytari\u0173 artificial turf stadium (Kvie\u010di\u0173 g. 7, \u0160iauliai)<\/h5>\n<h5><\/h5>\n<h5><\/h5>\n<p>&nbsp;<\/p>","protected":false},"excerpt":{"rendered":"<p>Nam\u0173 rungtynes \u017eaid\u017eiame \u0161iuose stadionuose \u0160iauli\u0173 miesto savivaldyb\u0117s centrinis stadionas (Daukanto g. 23,\u00a0 \u0160iauliai) Gytari\u0173 dirbtin\u0117s dangos stadionas (Kvie\u010di\u0173 g. 7, \u0160iauliai) &nbsp;<\/p>","protected":false},"author":3,"featured_media":0,"parent":0,"menu_order":0,"comment_status":"closed","ping_status":"closed","template":"","meta":{"footnotes":""},"_links":{"self":[{"href":"https:\/\/fkgintra.lt\/en\/wp-json\/wp\/v2\/pages\/2062"}],"collection":[{"href":"https:\/\/fkgintra.lt\/en\/wp-json\/wp\/v2\/pages"}],"about":[{"href":"https:\/\/fkgintra.lt\/en\/wp-json\/wp\/v2\/types\/page"}],"author":[{"embeddable":true,"href":"https:\/\/fkgintra.lt\/en\/wp-json\/wp\/v2\/users\/3"}],"replies":[{"embeddable":true,"href":"https:\/\/fkgintra.lt\/en\/wp-json\/wp\/v2\/comments?post=2062"}],"version-history":[{"count":8,"href":"https:\/\/fkgintra.lt\/en\/wp-json\/wp\/v2\/pages\/2062\/revisions"}],"predecessor-version":[{"id":7236,"href":"https:\/\/fkgintra.lt\/en\/wp-json\/wp\/v2\/pages\/2062\/revisions\/7236"}],"wp:attachment":[{"href":"https:\/\/fkgintra.lt\/en\/wp-json\/wp\/v2\/media?parent=2062"}],"curies":[{"name":"wp","href":"https:\/\/api.w.org\/{rel}","templated":true}]}}