{"id":2341,"date":"2022-10-22T16:11:54","date_gmt":"2022-10-22T16:11:54","guid":{"rendered":"https:\/\/fkgintra.lt\/?page_id=2341"},"modified":"2023-04-23T22:08:59","modified_gmt":"2023-04-23T19:08:59","slug":"spark-energy-moteru-a-lyga-tabla","status":"publish","type":"page","link":"https:\/\/fkgintra.lt\/en\/spark-energy-moteru-a-lyga-tabla\/","title":{"rendered":"Women's A League"},"content":{"rendered":"<div class=\"wpb-content-wrapper\"><div class=\"vc_row wpb_row vc_row-fluid\"><div class=\"wpb_column vc_column_container vc_col-sm-12\"><div class=\"vc_column-inner\"><div class=\"wpb_wrapper\">\n<!-- ESPORT CHAMPIONSHIP ABOUT TROPHEY BEGIN -->\n<div class=\"esport-championship-about-trophey\">\n    <div class=\"container\">\n        <div class=\"row\">\n            <div class=\"col-md-5\">\n                <h5 class=\"esport-landing-header\">ABOUT CHAMPIONSHIP<\/h5>\n                <div class=\"trophey-wrap\">\n                    <span>\n                        <img loading=\"lazy\" decoding=\"async\" width=\"277\" height=\"300\" src=\"https:\/\/fkgintra.lt\/wp-content\/uploads\/2022\/10\/LMAL-logotipas-spalvotas-277x300.png\" class=\"attachment-medium size-medium wp-post-image\" alt=\"\" srcset=\"https:\/\/fkgintra.lt\/wp-content\/uploads\/2022\/10\/LMAL-logotipas-spalvotas-277x300.png 277w, https:\/\/fkgintra.lt\/wp-content\/uploads\/2022\/10\/LMAL-logotipas-spalvotas-180x195.png 180w, https:\/\/fkgintra.lt\/wp-content\/uploads\/2022\/10\/LMAL-logotipas-spalvotas-946x1024.png 946w, https:\/\/fkgintra.lt\/wp-content\/uploads\/2022\/10\/LMAL-logotipas-spalvotas-768x832.png 768w, https:\/\/fkgintra.lt\/wp-content\/uploads\/2022\/10\/LMAL-logotipas-spalvotas-1419x1536.png 1419w, https:\/\/fkgintra.lt\/wp-content\/uploads\/2022\/10\/LMAL-logotipas-spalvotas-1891x2048.png 1891w, https:\/\/fkgintra.lt\/wp-content\/uploads\/2022\/10\/LMAL-logotipas-spalvotas-1773x1920.png 1773w, https:\/\/fkgintra.lt\/wp-content\/uploads\/2022\/10\/LMAL-logotipas-spalvotas.png 2048w\" sizes=\"(max-width: 277px) 100vw, 277px\" \/>                    <\/span>\n                    <span>\n                        <span class=\"name\">Women's A League<\/span>\n                        <span class=\"date\">2026<\/span>\n                    <\/span>\n                <\/div>\n            <\/div>\n            <div class=\"col-md-7\">\n                <h5 class=\"esport-landing-header\">ABOUT EVENT<\/h5>\n                <div class=\"row\">\n                                                                        <div class=\"col-sm-6\">\n                                <div class=\"wrap\">\n                                    <span class=\"head\">Number of teams<\/span>\n                                    <span class=\"info\">7<\/span>\n                                <\/div>\n                            <\/div>\n                                                    <div class=\"col-sm-6\">\n                                <div class=\"wrap\">\n                                    <span class=\"head\">Season<\/span>\n                                    <span class=\"info\">2026<\/span>\n                                <\/div>\n                            <\/div>\n                                                            <\/div>\n            <\/div>\n        <\/div>\n    <\/div>\n<\/div>\n<!-- ESPORT CHAMPIONSHIP ABOUT TROPHEY END --><\/div><\/div><\/div><div class=\"wpb_column vc_column_container vc_col-sm-12\"><div class=\"vc_column-inner\"><div class=\"wpb_wrapper\">\n\t<div class=\"wpb_raw_code wpb_content_element wpb_raw_html\" >\n\t\t<div class=\"wpb_wrapper\">\n\t\t\t\n\t\t<\/div>\n\t<\/div>\n<\/div><\/div><\/div><\/div>\n<\/div>","protected":false},"excerpt":{"rendered":"APIE \u010cEMPIONAT\u0104 Moter\u0173 A lyga 2026 APIE RENGIN\u012e Komand\u0173 skai\u010dius 7 Sezonas 2026","protected":false},"author":3,"featured_media":0,"parent":0,"menu_order":0,"comment_status":"closed","ping_status":"closed","template":"","meta":{"footnotes":""},"_links":{"self":[{"href":"https:\/\/fkgintra.lt\/en\/wp-json\/wp\/v2\/pages\/2341"}],"collection":[{"href":"https:\/\/fkgintra.lt\/en\/wp-json\/wp\/v2\/pages"}],"about":[{"href":"https:\/\/fkgintra.lt\/en\/wp-json\/wp\/v2\/types\/page"}],"author":[{"embeddable":true,"href":"https:\/\/fkgintra.lt\/en\/wp-json\/wp\/v2\/users\/3"}],"replies":[{"embeddable":true,"href":"https:\/\/fkgintra.lt\/en\/wp-json\/wp\/v2\/comments?post=2341"}],"version-history":[{"count":10,"href":"https:\/\/fkgintra.lt\/en\/wp-json\/wp\/v2\/pages\/2341\/revisions"}],"predecessor-version":[{"id":4820,"href":"https:\/\/fkgintra.lt\/en\/wp-json\/wp\/v2\/pages\/2341\/revisions\/4820"}],"wp:attachment":[{"href":"https:\/\/fkgintra.lt\/en\/wp-json\/wp\/v2\/media?parent=2341"}],"curies":[{"name":"wp","href":"https:\/\/api.w.org\/{rel}","templated":true}]}}