{"id":2394,"date":"2022-10-24T15:42:57","date_gmt":"2022-10-24T15:42:57","guid":{"rendered":"https:\/\/fkgintra.lt\/?page_id=2394"},"modified":"2023-01-29T10:39:08","modified_gmt":"2023-01-29T10:39:08","slug":"baltic-women-league","status":"publish","type":"page","link":"https:\/\/fkgintra.lt\/en\/baltic-women-league\/","title":{"rendered":"BALTIJOS MOTER\u0172 LYGA"},"content":{"rendered":"<div class=\"wpb-content-wrapper\"><div class=\"vc_row wpb_row vc_row-fluid\"><div class=\"wpb_column vc_column_container vc_col-sm-12\"><div class=\"vc_column-inner\"><div class=\"wpb_wrapper\">\n<!-- ESPORT CHAMPIONSHIP ABOUT TROPHEY BEGIN -->\n<div class=\"esport-championship-about-trophey\">\n    <div class=\"container\">\n        <div class=\"row\">\n            <div class=\"col-md-5\">\n                <h5 class=\"esport-landing-header\">CHAMPIONSHIP<\/h5>\n                <div class=\"trophey-wrap\">\n                    <span>\n                        <img loading=\"lazy\" decoding=\"async\" width=\"300\" height=\"264\" src=\"https:\/\/fkgintra.lt\/wp-content\/uploads\/2022\/10\/532x469-300x264.png\" class=\"attachment-medium size-medium wp-post-image\" alt=\"\" srcset=\"https:\/\/fkgintra.lt\/wp-content\/uploads\/2022\/10\/532x469-300x264.png 300w, https:\/\/fkgintra.lt\/wp-content\/uploads\/2022\/10\/532x469-180x159.png 180w, https:\/\/fkgintra.lt\/wp-content\/uploads\/2022\/10\/532x469.png 532w\" sizes=\"(max-width: 300px) 100vw, 300px\" \/>                    <\/span>\n                    <span>\n                        <span class=\"name\">Baltic Women's Football League<\/span>\n                        <span class=\"date\">2026<\/span>\n                    <\/span>\n                <\/div>\n            <\/div>\n            <div class=\"col-md-7\">\n                <h5 class=\"esport-landing-header\">SEASON<\/h5>\n                <div class=\"row\">\n                                                                        <div class=\"col-sm-6\">\n                                <div class=\"wrap\">\n                                    <span class=\"head\">Season<\/span>\n                                    <span class=\"info\">2026<\/span>\n                                <\/div>\n                            <\/div>\n                                                    <div class=\"col-sm-6\">\n                                <div class=\"wrap\">\n                                    <span class=\"head\">Number of teams<\/span>\n                                    <span class=\"info\">6<\/span>\n                                <\/div>\n                            <\/div>\n                                                            <\/div>\n            <\/div>\n        <\/div>\n    <\/div>\n<\/div>\n<!-- ESPORT CHAMPIONSHIP ABOUT TROPHEY END --><\/div><\/div><\/div><\/div><div class=\"vc_row wpb_row vc_row-fluid\"><div class=\"wpb_column vc_column_container vc_col-sm-12\"><div class=\"vc_column-inner\"><div class=\"wpb_wrapper\">\n\t<div class=\"wpb_raw_code wpb_content_element wpb_raw_html\" >\n\t\t<div class=\"wpb_wrapper\">\n\t\t\t\n\t\t<\/div>\n\t<\/div>\n<\/div><\/div><\/div><\/div>\n<\/div>","protected":false},"excerpt":{"rendered":"\u010cEMPIONATAS Baltijos moter\u0173 futbolo lyga 2026 SEZONAS Sezonas 2026 Komand\u0173 skai\u010dius 6","protected":false},"author":3,"featured_media":0,"parent":0,"menu_order":0,"comment_status":"closed","ping_status":"closed","template":"","meta":{"footnotes":""},"_links":{"self":[{"href":"https:\/\/fkgintra.lt\/en\/wp-json\/wp\/v2\/pages\/2394"}],"collection":[{"href":"https:\/\/fkgintra.lt\/en\/wp-json\/wp\/v2\/pages"}],"about":[{"href":"https:\/\/fkgintra.lt\/en\/wp-json\/wp\/v2\/types\/page"}],"author":[{"embeddable":true,"href":"https:\/\/fkgintra.lt\/en\/wp-json\/wp\/v2\/users\/3"}],"replies":[{"embeddable":true,"href":"https:\/\/fkgintra.lt\/en\/wp-json\/wp\/v2\/comments?post=2394"}],"version-history":[{"count":5,"href":"https:\/\/fkgintra.lt\/en\/wp-json\/wp\/v2\/pages\/2394\/revisions"}],"predecessor-version":[{"id":5471,"href":"https:\/\/fkgintra.lt\/en\/wp-json\/wp\/v2\/pages\/2394\/revisions\/5471"}],"wp:attachment":[{"href":"https:\/\/fkgintra.lt\/en\/wp-json\/wp\/v2\/media?parent=2394"}],"curies":[{"name":"wp","href":"https:\/\/api.w.org\/{rel}","templated":true}]}}