{"id":4161,"date":"2023-01-06T14:01:24","date_gmt":"2023-01-06T14:01:24","guid":{"rendered":"https:\/\/fkgintra.lt\/?page_id=4161"},"modified":"2026-01-15T23:29:00","modified_gmt":"2026-01-15T23:29:00","slug":"sponsorship","status":"publish","type":"page","link":"https:\/\/fkgintra.lt\/en\/sponsorship\/","title":{"rendered":"R\u0117m\u0117jai"},"content":{"rendered":"<div class=\"wpb-content-wrapper\"><div class=\"vc_row wpb_row vc_row-fluid\"><div class=\"wpb_column vc_column_container vc_col-sm-12\"><div class=\"vc_column-inner\"><div class=\"wpb_wrapper\"><h2 style=\"text-align: center\" class=\"vc_custom_heading wpb_animate_when_almost_visible wpb_slideInRight slideInRight\" >\u012e PERGALES KARTU!<\/h2><\/div><\/div><\/div><\/div><div class=\"vc_row wpb_row vc_row-fluid\"><div class=\"wpb_column vc_column_container vc_col-sm-12\"><div class=\"vc_column-inner\"><div class=\"wpb_wrapper\">\n<div class=\"addon-sponsors-grid\">\n<h4>R\u0117m\u0117jai<\/h4>\n\n<div class=\"row\">\n        <div class=\"col-lg-4\">\n        <a href=\"https:\/\/www.ticketmarket.lt\/\" class=\"sponsor-col\">\n            <img decoding=\"async\" src=\"https:\/\/fkgintra.lt\/wp-content\/uploads\/2023\/01\/tm-1.png\" class=\"img-responsive\">\n        <\/a>\n    <\/div>\n        <div class=\"col-lg-4\">\n        <a href=\"https:\/\/gubernija.lt\/\" class=\"sponsor-col\">\n            <img decoding=\"async\" src=\"https:\/\/fkgintra.lt\/wp-content\/uploads\/2022\/10\/gdddddbgfd.png\" class=\"img-responsive\">\n        <\/a>\n    <\/div>\n        <div class=\"col-lg-4\">\n        <a href=\"https:\/\/www.siauliai.lt\/\" class=\"sponsor-col\">\n            <img decoding=\"async\" src=\"https:\/\/fkgintra.lt\/wp-content\/uploads\/2022\/10\/iyiyiu.png\" class=\"img-responsive\">\n        <\/a>\n    <\/div>\n        <div class=\"col-lg-4\">\n        <a href=\"https:\/\/www.hummel.lt\/\" class=\"sponsor-col\">\n            <img decoding=\"async\" src=\"https:\/\/fkgintra.lt\/wp-content\/uploads\/2023\/01\/yt.png\" class=\"img-responsive\">\n        <\/a>\n    <\/div>\n        <div class=\"col-lg-4\">\n        <a href=\"https:\/\/suncityhotel.lt\/\" class=\"sponsor-col\">\n            <img decoding=\"async\" src=\"https:\/\/fkgintra.lt\/wp-content\/uploads\/2026\/01\/Dizainas-be-pavadinimo-1.png\" class=\"img-responsive\">\n        <\/a>\n    <\/div>\n        <div class=\"col-lg-4\">\n        <a href=\"\" class=\"sponsor-col\">\n            <img decoding=\"async\" src=\"https:\/\/fkgintra.lt\/wp-content\/uploads\/2022\/10\/vcbv.png\" class=\"img-responsive\">\n        <\/a>\n    <\/div>\n        <div class=\"col-lg-4\">\n        <a href=\"https:\/\/www.limega.lt\/\" class=\"sponsor-col\">\n            <img decoding=\"async\" src=\"https:\/\/fkgintra.lt\/wp-content\/uploads\/2022\/10\/limega-150x150-1.jpg\" class=\"img-responsive\">\n        <\/a>\n    <\/div>\n        <div class=\"col-lg-4\">\n        <a href=\"http:\/\/metrada.lt\/\" class=\"sponsor-col\">\n            <img decoding=\"async\" src=\"https:\/\/fkgintra.lt\/wp-content\/uploads\/2023\/01\/vxcb.png\" class=\"img-responsive\">\n        <\/a>\n    <\/div>\n        <div class=\"col-lg-4\">\n        <a href=\"https:\/\/www.lff.lt\/\" class=\"sponsor-col\">\n            <img decoding=\"async\" src=\"https:\/\/fkgintra.lt\/wp-content\/uploads\/2023\/01\/gdf.png\" class=\"img-responsive\">\n        <\/a>\n    <\/div>\n        <div class=\"col-lg-4\">\n        <a href=\"https:\/\/www.akvile.lt\/\" class=\"sponsor-col\">\n            <img decoding=\"async\" src=\"https:\/\/fkgintra.lt\/wp-content\/uploads\/2023\/11\/akvile-1.png\" class=\"img-responsive\">\n        <\/a>\n    <\/div>\n        <div class=\"col-lg-4\">\n        <a href=\"https:\/\/viskasnamams.com\/\" class=\"sponsor-col\">\n            <img decoding=\"async\" src=\"https:\/\/fkgintra.lt\/wp-content\/uploads\/2024\/10\/Masada-_150x150mm.jpg\" class=\"img-responsive\">\n        <\/a>\n    <\/div>\n        <div class=\"col-lg-4\">\n        <a href=\"https:\/\/valumina.lt\/\" class=\"sponsor-col\">\n            <img decoding=\"async\" src=\"https:\/\/fkgintra.lt\/wp-content\/uploads\/2023\/01\/vvvvv.png\" class=\"img-responsive\">\n        <\/a>\n    <\/div>\n        <div class=\"col-lg-4\">\n        <a href=\"http:\/\/www.pckubas.lt\/\" class=\"sponsor-col\">\n            <img decoding=\"async\" src=\"https:\/\/fkgintra.lt\/wp-content\/uploads\/2023\/01\/erere.png\" class=\"img-responsive\">\n        <\/a>\n    <\/div>\n        <div class=\"col-lg-4\">\n        <a href=\"https:\/\/gymplius.lt\/\" class=\"sponsor-col\">\n            <img decoding=\"async\" src=\"https:\/\/fkgintra.lt\/wp-content\/uploads\/2022\/10\/GYM-_150x150mm.jpg\" class=\"img-responsive\">\n        <\/a>\n    <\/div>\n        <div class=\"col-lg-4\">\n        <a href=\"https:\/\/www.citma.lt\/\" class=\"sponsor-col\">\n            <img decoding=\"async\" src=\"https:\/\/fkgintra.lt\/wp-content\/uploads\/2023\/01\/citma-150x150px-01.jpg\" class=\"img-responsive\">\n        <\/a>\n    <\/div>\n        <div class=\"col-lg-4\">\n        <a href=\"https:\/\/www.rezus.lt\/\" class=\"sponsor-col\">\n            <img decoding=\"async\" src=\"https:\/\/fkgintra.lt\/wp-content\/uploads\/2023\/01\/rezu.png\" class=\"img-responsive\">\n        <\/a>\n    <\/div>\n        <div class=\"col-lg-4\">\n        <a href=\"https:\/\/www.cherryservers.com\/\" class=\"sponsor-col\">\n            <img decoding=\"async\" src=\"https:\/\/fkgintra.lt\/wp-content\/uploads\/2025\/08\/cherry-s.png\" class=\"img-responsive\">\n        <\/a>\n    <\/div>\n        <div class=\"col-lg-4\">\n        <a href=\"https:\/\/atlantiscinemas.lt\/\" class=\"sponsor-col\">\n            <img decoding=\"async\" src=\"https:\/\/fkgintra.lt\/wp-content\/uploads\/2025\/08\/atlantis_150x150.png\" class=\"img-responsive\">\n        <\/a>\n    <\/div>\n        <div class=\"col-lg-4\">\n        <a href=\"https:\/\/centralhotel.lt\/\" class=\"sponsor-col\">\n            <img decoding=\"async\" src=\"https:\/\/fkgintra.lt\/wp-content\/uploads\/2026\/01\/CH.png\" class=\"img-responsive\">\n        <\/a>\n    <\/div>\n    <\/div>\n<\/div><div class=\"vc_btn3-container  wpb_animate_when_almost_visible wpb_slideInRight slideInRight vc_btn3-right\" ><a class=\"vc_general vc_btn3 vc_btn3-size-lg vc_btn3-shape-rounded vc_btn3-style-modern vc_btn3-color-green\" href=\"https:\/\/fkgintra.lt\/susisiekti\/\" title=\"\">Prisijunkite!<\/a><\/div><\/div><\/div><\/div><\/div>\n<\/div>","protected":false},"excerpt":{"rendered":"\u012e PERGALES KARTU! R\u0117m\u0117jai Prisijunkite!","protected":false},"author":3,"featured_media":0,"parent":0,"menu_order":0,"comment_status":"closed","ping_status":"closed","template":"","meta":{"footnotes":""},"_links":{"self":[{"href":"https:\/\/fkgintra.lt\/en\/wp-json\/wp\/v2\/pages\/4161"}],"collection":[{"href":"https:\/\/fkgintra.lt\/en\/wp-json\/wp\/v2\/pages"}],"about":[{"href":"https:\/\/fkgintra.lt\/en\/wp-json\/wp\/v2\/types\/page"}],"author":[{"embeddable":true,"href":"https:\/\/fkgintra.lt\/en\/wp-json\/wp\/v2\/users\/3"}],"replies":[{"embeddable":true,"href":"https:\/\/fkgintra.lt\/en\/wp-json\/wp\/v2\/comments?post=4161"}],"version-history":[{"count":17,"href":"https:\/\/fkgintra.lt\/en\/wp-json\/wp\/v2\/pages\/4161\/revisions"}],"predecessor-version":[{"id":7614,"href":"https:\/\/fkgintra.lt\/en\/wp-json\/wp\/v2\/pages\/4161\/revisions\/7614"}],"wp:attachment":[{"href":"https:\/\/fkgintra.lt\/en\/wp-json\/wp\/v2\/media?parent=4161"}],"curies":[{"name":"wp","href":"https:\/\/api.w.org\/{rel}","templated":true}]}}