{"id":4834,"date":"2023-04-24T12:02:59","date_gmt":"2023-04-24T09:02:59","guid":{"rendered":"https:\/\/fkgintra.lt\/?page_id=4834"},"modified":"2026-04-21T05:57:17","modified_gmt":"2026-04-21T05:57:17","slug":"finansiniu-ataskaitu-rinkinys","status":"publish","type":"page","link":"https:\/\/fkgintra.lt\/en\/finansiniu-ataskaitu-rinkinys\/","title":{"rendered":"Set of financial statements"},"content":{"rendered":"<p>Moter\u0173 futbolo klubo \u201eGintra\u201c 2025 m. finansini\u0173 ataskait\u0173 rinkinys. <a href=\"https:\/\/fkgintra.lt\/wp-content\/uploads\/2026\/04\/ataskaita-2026.pdf\" target=\"_blank\" rel=\"noopener\">Per\u017ei\u016br\u0117ti<\/a>.<\/p>\n<p>&nbsp;<\/p>\n<p>&nbsp;<\/p>","protected":false},"excerpt":{"rendered":"<p>Moter\u0173 futbolo klubo \u201eGintra\u201c 2025 m. finansini\u0173 ataskait\u0173 rinkinys. Per\u017ei\u016br\u0117ti. &nbsp; &nbsp;<\/p>","protected":false},"author":3,"featured_media":0,"parent":0,"menu_order":0,"comment_status":"closed","ping_status":"closed","template":"","meta":{"footnotes":""},"_links":{"self":[{"href":"https:\/\/fkgintra.lt\/en\/wp-json\/wp\/v2\/pages\/4834"}],"collection":[{"href":"https:\/\/fkgintra.lt\/en\/wp-json\/wp\/v2\/pages"}],"about":[{"href":"https:\/\/fkgintra.lt\/en\/wp-json\/wp\/v2\/types\/page"}],"author":[{"embeddable":true,"href":"https:\/\/fkgintra.lt\/en\/wp-json\/wp\/v2\/users\/3"}],"replies":[{"embeddable":true,"href":"https:\/\/fkgintra.lt\/en\/wp-json\/wp\/v2\/comments?post=4834"}],"version-history":[{"count":7,"href":"https:\/\/fkgintra.lt\/en\/wp-json\/wp\/v2\/pages\/4834\/revisions"}],"predecessor-version":[{"id":7926,"href":"https:\/\/fkgintra.lt\/en\/wp-json\/wp\/v2\/pages\/4834\/revisions\/7926"}],"wp:attachment":[{"href":"https:\/\/fkgintra.lt\/en\/wp-json\/wp\/v2\/media?parent=4834"}],"curies":[{"name":"wp","href":"https:\/\/api.w.org\/{rel}","templated":true}]}}