{"id":81,"date":"2017-04-06T13:28:32","date_gmt":"2017-04-06T13:28:32","guid":{"rendered":"https:\/\/fkgintra.lt\/?page_id=81"},"modified":"2023-04-24T11:36:07","modified_gmt":"2023-04-24T08:36:07","slug":"matches-latests","status":"publish","type":"page","link":"https:\/\/fkgintra.lt\/en\/matches-latests\/","title":{"rendered":"Results"},"content":{"rendered":"<div class=\"wpb-content-wrapper\"><div data-vc-full-width=\"true\" data-vc-full-width-init=\"false\" class=\"vc_row wpb_row vc_row-fluid vc_custom_1491782099702 vc_row-has-fill\"><div class=\"wpb_column vc_column_container vc_col-sm-12\"><div class=\"vc_column-inner\"><div class=\"wpb_wrapper\"><h6 style=\"text-align: left\" class=\"vc_custom_heading\" >PLAYED AND UPCOMING MATCHES<\/h6>\n    <div class=\"main-lates-matches\" id=\"paginate-screen\">\n                    <a href=\"\" class=\"item\">\n                \n                                            <span class=\"championship\">Women's A League<\/span>\n                                        <span class=\"teams-wrap\">\n                            <span class=\"team\">\n                                <span>\n                                    <img loading=\"lazy\" decoding=\"async\" width=\"110\" height=\"110\" src=\"https:\/\/fkgintra.lt\/wp-content\/uploads\/2022\/10\/new-gintra-e1664958908661.png\" class=\"attachment-post-thumbnail size-post-thumbnail wp-post-image\" alt=\"\" srcset=\"https:\/\/fkgintra.lt\/wp-content\/uploads\/2022\/10\/new-gintra-e1664958908661.png 110w, https:\/\/fkgintra.lt\/wp-content\/uploads\/2022\/10\/new-gintra-e1664958908661-100x100.png 100w\" sizes=\"(max-width: 110px) 100vw, 110px\" \/>                                <\/span>\n                                <span class=\"name\">FC Gintra<\/span>\n                            <\/span>\n                            <span class=\"score\">\n                                                                    <span>On time<\/span>\n                                                            <\/span>\n                            <span class=\"team1\">\n                                <span>\n                                    <img loading=\"lazy\" decoding=\"async\" width=\"256\" height=\"256\" src=\"https:\/\/fkgintra.lt\/wp-content\/uploads\/2022\/10\/FK-Banga-removebg-preview.png\" class=\"attachment-post-thumbnail size-post-thumbnail wp-post-image\" alt=\"\" srcset=\"https:\/\/fkgintra.lt\/wp-content\/uploads\/2022\/10\/FK-Banga-removebg-preview.png 256w, https:\/\/fkgintra.lt\/wp-content\/uploads\/2022\/10\/FK-Banga-removebg-preview-180x180.png 180w, https:\/\/fkgintra.lt\/wp-content\/uploads\/2022\/10\/FK-Banga-removebg-preview-100x100.png 100w, https:\/\/fkgintra.lt\/wp-content\/uploads\/2022\/10\/FK-Banga-removebg-preview-150x150.png 150w, https:\/\/fkgintra.lt\/wp-content\/uploads\/2022\/10\/FK-Banga-removebg-preview-12x12.png 12w\" sizes=\"(max-width: 256px) 100vw, 256px\" \/>                                <\/span>\n                                <span class=\"name\">Banga<\/span>\n                            <\/span>\n                    <\/span>\n                    <span class=\"game-result\">21 June 2026 \/ 17:00 UTC &nbsp;<\/span>\n            <\/a>\n                    <a href=\"\" class=\"item\">\n                \n                                            <span class=\"championship\">Women's A League<\/span>\n                                        <span class=\"teams-wrap\">\n                            <span class=\"team\">\n                                <span>\n                                    <img loading=\"lazy\" decoding=\"async\" width=\"500\" height=\"500\" src=\"https:\/\/fkgintra.lt\/wp-content\/uploads\/2026\/02\/krfa.png\" class=\"attachment-post-thumbnail size-post-thumbnail wp-post-image\" alt=\"\" srcset=\"https:\/\/fkgintra.lt\/wp-content\/uploads\/2026\/02\/krfa.png 500w, https:\/\/fkgintra.lt\/wp-content\/uploads\/2026\/02\/krfa-300x300.png 300w, https:\/\/fkgintra.lt\/wp-content\/uploads\/2026\/02\/krfa-150x150.png 150w, https:\/\/fkgintra.lt\/wp-content\/uploads\/2026\/02\/krfa-12x12.png 12w, https:\/\/fkgintra.lt\/wp-content\/uploads\/2026\/02\/krfa-180x180.png 180w, https:\/\/fkgintra.lt\/wp-content\/uploads\/2026\/02\/krfa-100x100.png 100w\" sizes=\"(max-width: 500px) 100vw, 500px\" \/>                                <\/span>\n                                <span class=\"name\">Kauno rajono FA<\/span>\n                            <\/span>\n                            <span class=\"score\">\n                                                                    <span>On time<\/span>\n                                                            <\/span>\n                            <span class=\"team1\">\n                                <span>\n                                    <img loading=\"lazy\" decoding=\"async\" width=\"110\" height=\"110\" src=\"https:\/\/fkgintra.lt\/wp-content\/uploads\/2022\/10\/new-gintra-e1664958908661.png\" class=\"attachment-post-thumbnail size-post-thumbnail wp-post-image\" alt=\"\" srcset=\"https:\/\/fkgintra.lt\/wp-content\/uploads\/2022\/10\/new-gintra-e1664958908661.png 110w, https:\/\/fkgintra.lt\/wp-content\/uploads\/2022\/10\/new-gintra-e1664958908661-100x100.png 100w\" sizes=\"(max-width: 110px) 100vw, 110px\" \/>                                <\/span>\n                                <span class=\"name\">FC Gintra<\/span>\n                            <\/span>\n                    <\/span>\n                    <span class=\"game-result\">18 June 2026 \/ 20:00 UTC &nbsp;<\/span>\n            <\/a>\n                    <a href=\"\" class=\"item\">\n                \n                                            <span class=\"championship\">Women's A League<\/span>\n                                        <span class=\"teams-wrap\">\n                            <span class=\"team\">\n                                <span>\n                                    <img loading=\"lazy\" decoding=\"async\" width=\"110\" height=\"110\" src=\"https:\/\/fkgintra.lt\/wp-content\/uploads\/2022\/10\/new-gintra-e1664958908661.png\" class=\"attachment-post-thumbnail size-post-thumbnail wp-post-image\" alt=\"\" srcset=\"https:\/\/fkgintra.lt\/wp-content\/uploads\/2022\/10\/new-gintra-e1664958908661.png 110w, https:\/\/fkgintra.lt\/wp-content\/uploads\/2022\/10\/new-gintra-e1664958908661-100x100.png 100w\" sizes=\"(max-width: 110px) 100vw, 110px\" \/>                                <\/span>\n                                <span class=\"name\">FC Gintra<\/span>\n                            <\/span>\n                            <span class=\"score\">\n                                                                    <span>On time<\/span>\n                                                            <\/span>\n                            <span class=\"team1\">\n                                <span>\n                                    <img loading=\"lazy\" decoding=\"async\" width=\"1200\" height=\"1478\" src=\"https:\/\/fkgintra.lt\/wp-content\/uploads\/2025\/02\/FK_Zalgiris_logo.svg_.png\" class=\"attachment-post-thumbnail size-post-thumbnail wp-post-image\" alt=\"\" srcset=\"https:\/\/fkgintra.lt\/wp-content\/uploads\/2025\/02\/FK_Zalgiris_logo.svg_.png 1200w, https:\/\/fkgintra.lt\/wp-content\/uploads\/2025\/02\/FK_Zalgiris_logo.svg_-244x300.png 244w, https:\/\/fkgintra.lt\/wp-content\/uploads\/2025\/02\/FK_Zalgiris_logo.svg_-831x1024.png 831w, https:\/\/fkgintra.lt\/wp-content\/uploads\/2025\/02\/FK_Zalgiris_logo.svg_-768x946.png 768w, https:\/\/fkgintra.lt\/wp-content\/uploads\/2025\/02\/FK_Zalgiris_logo.svg_-10x12.png 10w, https:\/\/fkgintra.lt\/wp-content\/uploads\/2025\/02\/FK_Zalgiris_logo.svg_-180x222.png 180w\" sizes=\"(max-width: 1200px) 100vw, 1200px\" \/>                                <\/span>\n                                <span class=\"name\">FK \u017dalgiris<\/span>\n                            <\/span>\n                    <\/span>\n                    <span class=\"game-result\">14 June 2026 \/ 15:00 UTC &nbsp;<\/span>\n            <\/a>\n                    <a href=\"\" class=\"item\">\n                \n                                            <span class=\"championship\">Women's A League<\/span>\n                                        <span class=\"teams-wrap\">\n                            <span class=\"team\">\n                                <span>\n                                    <img loading=\"lazy\" decoding=\"async\" width=\"400\" height=\"573\" src=\"https:\/\/fkgintra.lt\/wp-content\/uploads\/2017\/04\/400px-MFA_ZALGIRIS_OFICIALUS.png\" class=\"attachment-post-thumbnail size-post-thumbnail wp-post-image\" alt=\"\" srcset=\"https:\/\/fkgintra.lt\/wp-content\/uploads\/2017\/04\/400px-MFA_ZALGIRIS_OFICIALUS.png 400w, https:\/\/fkgintra.lt\/wp-content\/uploads\/2017\/04\/400px-MFA_ZALGIRIS_OFICIALUS-180x258.png 180w, https:\/\/fkgintra.lt\/wp-content\/uploads\/2017\/04\/400px-MFA_ZALGIRIS_OFICIALUS-209x300.png 209w\" sizes=\"(max-width: 400px) 100vw, 400px\" \/>                                <\/span>\n                                <span class=\"name\">MFA \u017dalgiris<\/span>\n                            <\/span>\n                            <span class=\"score\">\n                                                                    <span>On time<\/span>\n                                                            <\/span>\n                            <span class=\"team1\">\n                                <span>\n                                    <img loading=\"lazy\" decoding=\"async\" width=\"110\" height=\"110\" src=\"https:\/\/fkgintra.lt\/wp-content\/uploads\/2022\/10\/new-gintra-e1664958908661.png\" class=\"attachment-post-thumbnail size-post-thumbnail wp-post-image\" alt=\"\" srcset=\"https:\/\/fkgintra.lt\/wp-content\/uploads\/2022\/10\/new-gintra-e1664958908661.png 110w, https:\/\/fkgintra.lt\/wp-content\/uploads\/2022\/10\/new-gintra-e1664958908661-100x100.png 100w\" sizes=\"(max-width: 110px) 100vw, 110px\" \/>                                <\/span>\n                                <span class=\"name\">FC Gintra<\/span>\n                            <\/span>\n                    <\/span>\n                    <span class=\"game-result\">31 May 2026 \/ 13:00 UTC &nbsp;<\/span>\n            <\/a>\n                    <a href=\"\" class=\"item\">\n                \n                                            <span class=\"championship\">Women's A League<\/span>\n                                        <span class=\"teams-wrap\">\n                            <span class=\"team\">\n                                <span>\n                                    <img loading=\"lazy\" decoding=\"async\" width=\"177\" height=\"202\" src=\"https:\/\/fkgintra.lt\/wp-content\/uploads\/2024\/02\/FK_Transinvest-removebg-preview.png\" class=\"attachment-post-thumbnail size-post-thumbnail wp-post-image\" alt=\"\" srcset=\"https:\/\/fkgintra.lt\/wp-content\/uploads\/2024\/02\/FK_Transinvest-removebg-preview.png 177w, https:\/\/fkgintra.lt\/wp-content\/uploads\/2024\/02\/FK_Transinvest-removebg-preview-11x12.png 11w\" sizes=\"(max-width: 177px) 100vw, 177px\" \/>                                <\/span>\n                                <span class=\"name\">FK TransINVEST<\/span>\n                            <\/span>\n                            <span class=\"score\">\n                                                                    <span>On time<\/span>\n                                                            <\/span>\n                            <span class=\"team1\">\n                                <span>\n                                    <img loading=\"lazy\" decoding=\"async\" width=\"110\" height=\"110\" src=\"https:\/\/fkgintra.lt\/wp-content\/uploads\/2022\/10\/new-gintra-e1664958908661.png\" class=\"attachment-post-thumbnail size-post-thumbnail wp-post-image\" alt=\"\" srcset=\"https:\/\/fkgintra.lt\/wp-content\/uploads\/2022\/10\/new-gintra-e1664958908661.png 110w, https:\/\/fkgintra.lt\/wp-content\/uploads\/2022\/10\/new-gintra-e1664958908661-100x100.png 100w\" sizes=\"(max-width: 110px) 100vw, 110px\" \/>                                <\/span>\n                                <span class=\"name\">FC Gintra<\/span>\n                            <\/span>\n                    <\/span>\n                    <span class=\"game-result\">24 May 2026 \/ 14:00 UTC &nbsp;<\/span>\n            <\/a>\n            <\/div>\n\n<div class=\"pagination-wrap\">\n    <ul class=\"pagination\">\n        <li>\n                    <\/li>\n        \n                <li class=\"active\">\n            <a href=\"https:\/\/fkgintra.lt\/en\/wp-json\/wp\/v2\/pages\/81\/#paginate-screen\">1<\/a>\n        <\/li>\n                <li class=\"\">\n            <a href=\"https:\/\/fkgintra.lt\/en\/wp-json\/wp\/v2\/pages\/81\/page\/2\/#paginate-screen\">2<\/a>\n        <\/li>\n                <li class=\"\">\n            <a href=\"https:\/\/fkgintra.lt\/en\/wp-json\/wp\/v2\/pages\/81\/page\/3\/#paginate-screen\">3<\/a>\n        <\/li>\n                <li class=\"\">\n            <a href=\"https:\/\/fkgintra.lt\/en\/wp-json\/wp\/v2\/pages\/81\/page\/4\/#paginate-screen\">4<\/a>\n        <\/li>\n                <li class=\"\">\n            <a href=\"https:\/\/fkgintra.lt\/en\/wp-json\/wp\/v2\/pages\/81\/page\/5\/#paginate-screen\">5<\/a>\n        <\/li>\n                <li class=\"\">\n            <a href=\"https:\/\/fkgintra.lt\/en\/wp-json\/wp\/v2\/pages\/81\/page\/6\/#paginate-screen\">6<\/a>\n        <\/li>\n                <li class=\"\">\n            <a href=\"https:\/\/fkgintra.lt\/en\/wp-json\/wp\/v2\/pages\/81\/page\/7\/#paginate-screen\">7<\/a>\n        <\/li>\n                <li class=\"\">\n            <a href=\"https:\/\/fkgintra.lt\/en\/wp-json\/wp\/v2\/pages\/81\/page\/8\/#paginate-screen\">8<\/a>\n        <\/li>\n                <li class=\"\">\n            <a href=\"https:\/\/fkgintra.lt\/en\/wp-json\/wp\/v2\/pages\/81\/page\/9\/#paginate-screen\">9<\/a>\n        <\/li>\n                <li class=\"\">\n            <a href=\"https:\/\/fkgintra.lt\/en\/wp-json\/wp\/v2\/pages\/81\/page\/10\/#paginate-screen\">10<\/a>\n        <\/li>\n                <li class=\"\">\n            <a href=\"https:\/\/fkgintra.lt\/en\/wp-json\/wp\/v2\/pages\/81\/page\/11\/#paginate-screen\">11<\/a>\n        <\/li>\n                <li class=\"\">\n            <a href=\"https:\/\/fkgintra.lt\/en\/wp-json\/wp\/v2\/pages\/81\/page\/12\/#paginate-screen\">12<\/a>\n        <\/li>\n                <li class=\"\">\n            <a href=\"https:\/\/fkgintra.lt\/en\/wp-json\/wp\/v2\/pages\/81\/page\/13\/#paginate-screen\">13<\/a>\n        <\/li>\n                <li class=\"\">\n            <a href=\"https:\/\/fkgintra.lt\/en\/wp-json\/wp\/v2\/pages\/81\/page\/14\/#paginate-screen\">14<\/a>\n        <\/li>\n                <li class=\"\">\n            <a href=\"https:\/\/fkgintra.lt\/en\/wp-json\/wp\/v2\/pages\/81\/page\/15\/#paginate-screen\">15<\/a>\n        <\/li>\n                <li class=\"\">\n            <a href=\"https:\/\/fkgintra.lt\/en\/wp-json\/wp\/v2\/pages\/81\/page\/16\/#paginate-screen\">16<\/a>\n        <\/li>\n                <li class=\"\">\n            <a href=\"https:\/\/fkgintra.lt\/en\/wp-json\/wp\/v2\/pages\/81\/page\/17\/#paginate-screen\">17<\/a>\n        <\/li>\n                <li class=\"\">\n            <a href=\"https:\/\/fkgintra.lt\/en\/wp-json\/wp\/v2\/pages\/81\/page\/18\/#paginate-screen\">18<\/a>\n        <\/li>\n                <li class=\"\">\n            <a href=\"https:\/\/fkgintra.lt\/en\/wp-json\/wp\/v2\/pages\/81\/page\/19\/#paginate-screen\">19<\/a>\n        <\/li>\n                <li class=\"\">\n            <a href=\"https:\/\/fkgintra.lt\/en\/wp-json\/wp\/v2\/pages\/81\/page\/20\/#paginate-screen\">20<\/a>\n        <\/li>\n                <li class=\"\">\n            <a href=\"https:\/\/fkgintra.lt\/en\/wp-json\/wp\/v2\/pages\/81\/page\/21\/#paginate-screen\">21<\/a>\n        <\/li>\n                <li class=\"\">\n            <a href=\"https:\/\/fkgintra.lt\/en\/wp-json\/wp\/v2\/pages\/81\/page\/22\/#paginate-screen\">22<\/a>\n        <\/li>\n                <li class=\"\">\n            <a href=\"https:\/\/fkgintra.lt\/en\/wp-json\/wp\/v2\/pages\/81\/page\/23\/#paginate-screen\">23<\/a>\n        <\/li>\n                <li class=\"\">\n            <a href=\"https:\/\/fkgintra.lt\/en\/wp-json\/wp\/v2\/pages\/81\/page\/24\/#paginate-screen\">24<\/a>\n        <\/li>\n                <li class=\"\">\n            <a href=\"https:\/\/fkgintra.lt\/en\/wp-json\/wp\/v2\/pages\/81\/page\/25\/#paginate-screen\">25<\/a>\n        <\/li>\n                <li class=\"\">\n            <a href=\"https:\/\/fkgintra.lt\/en\/wp-json\/wp\/v2\/pages\/81\/page\/26\/#paginate-screen\">26<\/a>\n        <\/li>\n                <li class=\"\">\n            <a href=\"https:\/\/fkgintra.lt\/en\/wp-json\/wp\/v2\/pages\/81\/page\/27\/#paginate-screen\">27<\/a>\n        <\/li>\n                <li class=\"\">\n            <a href=\"https:\/\/fkgintra.lt\/en\/wp-json\/wp\/v2\/pages\/81\/page\/28\/#paginate-screen\">28<\/a>\n        <\/li>\n        \n        <li>\n            <a href=\"https:\/\/fkgintra.lt\/en\/wp-json\/wp\/v2\/pages\/81\/page\/2\/\" ><i class=\"fa fa-chevron-right\" aria-hidden=\"true\"><\/i><\/a>        <\/li>\n   <\/ul>\n<\/div>\n\n    \n    \n\n<\/div><\/div><\/div><\/div><div class=\"vc_row-full-width vc_clearfix\"><\/div>\n<\/div>","protected":false},"excerpt":{"rendered":"SU\u017dAISTOS IR ART\u0116JAN\u010cIOS RUNGTYN\u0116S Moter\u0173 A lyga FC Gintra On time Banga 21 June 2026 \/ 17:00 UTC &nbsp; Moter\u0173 A lyga Kauno rajono FA On time FC Gintra 18 June 2026 \/ 20:00 UTC &nbsp; Moter\u0173 A lyga FC Gintra On time FK \u017dalgiris 14 June 2026 \/ 15:00 UTC &nbsp; Moter\u0173 A lyga [...]","protected":false},"author":3,"featured_media":0,"parent":0,"menu_order":0,"comment_status":"closed","ping_status":"closed","template":"","meta":{"footnotes":""},"_links":{"self":[{"href":"https:\/\/fkgintra.lt\/en\/wp-json\/wp\/v2\/pages\/81"}],"collection":[{"href":"https:\/\/fkgintra.lt\/en\/wp-json\/wp\/v2\/pages"}],"about":[{"href":"https:\/\/fkgintra.lt\/en\/wp-json\/wp\/v2\/types\/page"}],"author":[{"embeddable":true,"href":"https:\/\/fkgintra.lt\/en\/wp-json\/wp\/v2\/users\/3"}],"replies":[{"embeddable":true,"href":"https:\/\/fkgintra.lt\/en\/wp-json\/wp\/v2\/comments?post=81"}],"version-history":[{"count":32,"href":"https:\/\/fkgintra.lt\/en\/wp-json\/wp\/v2\/pages\/81\/revisions"}],"predecessor-version":[{"id":4827,"href":"https:\/\/fkgintra.lt\/en\/wp-json\/wp\/v2\/pages\/81\/revisions\/4827"}],"wp:attachment":[{"href":"https:\/\/fkgintra.lt\/en\/wp-json\/wp\/v2\/media?parent=81"}],"curies":[{"name":"wp","href":"https:\/\/api.w.org\/{rel}","templated":true}]}}