{"id":912,"date":"2017-04-10T14:28:10","date_gmt":"2017-04-10T14:28:10","guid":{"rendered":"https:\/\/fkgintra.lt\/?page_id=912"},"modified":"2026-03-17T13:38:38","modified_gmt":"2026-03-17T13:38:38","slug":"uefa-champions-league","status":"publish","type":"page","link":"https:\/\/fkgintra.lt\/en\/uefa-champions-league\/","title":{"rendered":"Staff"},"content":{"rendered":"<div class=\"wpb-content-wrapper\"><div class=\"vc_row wpb_row vc_row-fluid\"><div class=\"wpb_column vc_column_container vc_col-sm-12\"><div class=\"vc_column-inner\"><div class=\"wpb_wrapper\"><h4 style=\"text-align: left\" class=\"vc_custom_heading\" >coaches<\/h4>\n<div class=\"staff-box\" id=\"paginate-screen\">\n                \n                    <div class=\"row\">\n                \n        <div class=\"col-md-4  col-sm-6 col-xs-12  wpb_animate_when_almost_visible wpb_slideInUp slideInUp\">\n            <a href=\"https:\/\/fkgintra.lt\/en\/players\/vyriausiasis-treneris-artur-sikorskij\/\" class=\"item\">\n                <span class=\"info\">\n                    <span class=\"name\">Vyriausiasis treneris Art\u016br Sikorskij<\/span>\n                    <span class=\"position\"><\/span>\n                    <span class=\"number\"><\/span>\n                <\/span>\n                <img decoding=\"async\" src=\"https:\/\/fkgintra.lt\/wp-content\/uploads\/2025\/12\/artur-sikorskij-2.png\" alt=\"player\">\n            <\/a>\n        <\/div>\n                \n              \n        \n                \n                \n        <div class=\"col-md-4  col-sm-6 col-xs-12  wpb_animate_when_almost_visible wpb_slideInUp slideInUp\">\n            <a href=\"https:\/\/fkgintra.lt\/en\/players\/trenerio-asistentas-analitikas-ruben-perez\/\" class=\"item\">\n                <span class=\"info\">\n                    <span class=\"name\">Trenerio asistentas-analitikas Ruben Perez<\/span>\n                    <span class=\"position\"><\/span>\n                    <span class=\"number\"><\/span>\n                <\/span>\n                <img decoding=\"async\" src=\"https:\/\/fkgintra.lt\/wp-content\/uploads\/2026\/03\/Ruben-Perez-1.png\" alt=\"player\">\n            <\/a>\n        <\/div>\n                \n              \n        \n                \n                \n        <div class=\"col-md-4  col-sm-6 col-xs-12  wpb_animate_when_almost_visible wpb_slideInUp slideInUp\">\n            <a href=\"https:\/\/fkgintra.lt\/en\/players\/kineziterapeutas-tomas-svidrius\/\" class=\"item\">\n                <span class=\"info\">\n                    <span class=\"name\">Physiotherapist Martynas Norvilas<\/span>\n                    <span class=\"position\"><\/span>\n                    <span class=\"number\"><\/span>\n                <\/span>\n                <img decoding=\"async\" src=\"https:\/\/fkgintra.lt\/wp-content\/uploads\/2023\/07\/martynas-profile.png\" alt=\"player\">\n            <\/a>\n        <\/div>\n                \n                    <\/div>\n              \n        \n                \n                    <div class=\"row\">\n                \n        <div class=\"col-md-4  col-sm-6 col-xs-12  wpb_animate_when_almost_visible wpb_slideInUp slideInUp\">\n            <a href=\"https:\/\/fkgintra.lt\/en\/players\/vartininkiu-treneris-sarunas-kazlauskas\/\" class=\"item\">\n                <span class=\"info\">\n                    <span class=\"name\">Goalkeepers coach \u0160ar\u016bnas Kazlauskas<\/span>\n                    <span class=\"position\"><\/span>\n                    <span class=\"number\"><\/span>\n                <\/span>\n                <img decoding=\"async\" src=\"https:\/\/fkgintra.lt\/wp-content\/uploads\/2025\/03\/sarunas-profile.png\" alt=\"player\">\n            <\/a>\n        <\/div>\n                \n              \n        \n                \n                \n        <div class=\"col-md-4  col-sm-6 col-xs-12  wpb_animate_when_almost_visible wpb_slideInUp slideInUp\">\n            <a href=\"https:\/\/fkgintra.lt\/en\/players\/fizinio-rengimo-treneris-andrius-daskus\/\" class=\"item\">\n                <span class=\"info\">\n                    <span class=\"name\">Physical training coach Andrius Da\u0161kus<\/span>\n                    <span class=\"position\"><\/span>\n                    <span class=\"number\"><\/span>\n                <\/span>\n                <img decoding=\"async\" src=\"https:\/\/fkgintra.lt\/wp-content\/uploads\/2022\/10\/daskus-www.jpg\" alt=\"player\">\n            <\/a>\n        <\/div>\n                \n              \n        \n                \n                \n        <div class=\"col-md-4  col-sm-6 col-xs-12  wpb_animate_when_almost_visible wpb_slideInUp slideInUp\">\n            <a href=\"https:\/\/fkgintra.lt\/en\/players\/kineziterapeute-marta-sanchez\/\" class=\"item\">\n                <span class=\"info\">\n                    <span class=\"name\">Kineziterapeut\u0117 Marta Sanchez<\/span>\n                    <span class=\"position\"><\/span>\n                    <span class=\"number\"><\/span>\n                <\/span>\n                <img decoding=\"async\" src=\"https:\/\/fkgintra.lt\/wp-content\/uploads\/2026\/03\/Marta-Sanchez-1.png\" alt=\"player\">\n            <\/a>\n        <\/div>\n                \n                    <\/div>\n              \n        \n        <\/div>\n\n<div class=\"pagination-wrap\">\n    <ul class=\"pagination\">\n        <li>\n                    <\/li>\n        \n                <li class=\"active\">\n            <a href=\"https:\/\/fkgintra.lt\/en\/wp-json\/wp\/v2\/pages\/912\/#paginate-screen\">1<\/a>\n        <\/li>\n                <li class=\"\">\n            <a href=\"https:\/\/fkgintra.lt\/en\/wp-json\/wp\/v2\/pages\/912\/page\/2\/#paginate-screen\">2<\/a>\n        <\/li>\n        \n        <li>\n            <a href=\"https:\/\/fkgintra.lt\/en\/wp-json\/wp\/v2\/pages\/912\/page\/2\/\" ><i class=\"fa fa-chevron-right\" aria-hidden=\"true\"><\/i><\/a>        <\/li>\n   <\/ul>\n<\/div>\n\n<\/div><\/div><\/div><\/div><div class=\"vc_row wpb_row vc_row-fluid\"><div class=\"wpb_column vc_column_container vc_col-sm-12\"><div class=\"vc_column-inner\"><div class=\"wpb_wrapper\"><h4 style=\"text-align: left\" class=\"vc_custom_heading\" >Administration<\/h4>\n<div class=\"staff-box\" id=\"paginate-screen\">\n                \n                    <div class=\"row\">\n                \n        <div class=\"col-md-4  col-sm-6 col-xs-12  wpb_animate_when_almost_visible wpb_slideInUp slideInUp\">\n            <a href=\"https:\/\/fkgintra.lt\/en\/players\/klubo-prezidentas-gintaras-radavicius\/\" class=\"item\">\n                <span class=\"info\">\n                    <span class=\"name\">Club president Gintaras Radavi\u010dius<\/span>\n                    <span class=\"position\"><\/span>\n                    <span class=\"number\"><\/span>\n                <\/span>\n                <img decoding=\"async\" src=\"https:\/\/fkgintra.lt\/wp-content\/uploads\/2022\/10\/gintaras-www.jpg\" alt=\"player\">\n            <\/a>\n        <\/div>\n                \n              \n        \n                \n                \n        <div class=\"col-md-4  col-sm-6 col-xs-12  wpb_animate_when_almost_visible wpb_slideInUp slideInUp\">\n            <a href=\"https:\/\/fkgintra.lt\/en\/players\/klubo-direktorius-mantas-radavicius\/\" class=\"item\">\n                <span class=\"info\">\n                    <span class=\"name\">Club director Mantas Radavi\u010dius<\/span>\n                    <span class=\"position\"><\/span>\n                    <span class=\"number\"><\/span>\n                <\/span>\n                <img decoding=\"async\" src=\"https:\/\/fkgintra.lt\/wp-content\/uploads\/2022\/10\/mantas-www-1-scaled.jpg\" alt=\"player\">\n            <\/a>\n        <\/div>\n                \n              \n        \n                \n                \n        <div class=\"col-md-4  col-sm-6 col-xs-12  wpb_animate_when_almost_visible wpb_slideInUp slideInUp\">\n            <a href=\"https:\/\/fkgintra.lt\/en\/players\/komunikacijos-vadovas-vilius-dambrauskas\/\" class=\"item\">\n                <span class=\"info\">\n                    <span class=\"name\">Head of Communications Vilius Dambrauskas<\/span>\n                    <span class=\"position\"><\/span>\n                    <span class=\"number\"><\/span>\n                <\/span>\n                <img decoding=\"async\" src=\"https:\/\/fkgintra.lt\/wp-content\/uploads\/2022\/10\/dam-1-scaled.jpg\" alt=\"player\">\n            <\/a>\n        <\/div>\n                \n                    <\/div>\n              \n        \n        <\/div>\n\n\n<\/div><\/div><\/div><\/div>\n<\/div>","protected":false},"excerpt":{"rendered":"Treneriai Vyriausiasis treneris Art\u016br Sikorskij Trenerio asistentas-analitikas Ruben Perez Kineziterapeutas Martynas Norvilas Vartininki\u0173 treneris \u0160ar\u016bnas Kazlauskas Fizinio rengimo treneris Andrius Da\u0161kus Kineziterapeut\u0117 Marta Sanchez 1 2 Administracija Klubo prezidentas Gintaras Radavi\u010dius Klubo direktorius Mantas Radavi\u010dius Komunikacijos vadovas Vilius Dambrauskas","protected":false},"author":3,"featured_media":0,"parent":0,"menu_order":0,"comment_status":"closed","ping_status":"closed","template":"","meta":{"footnotes":""},"_links":{"self":[{"href":"https:\/\/fkgintra.lt\/en\/wp-json\/wp\/v2\/pages\/912"}],"collection":[{"href":"https:\/\/fkgintra.lt\/en\/wp-json\/wp\/v2\/pages"}],"about":[{"href":"https:\/\/fkgintra.lt\/en\/wp-json\/wp\/v2\/types\/page"}],"author":[{"embeddable":true,"href":"https:\/\/fkgintra.lt\/en\/wp-json\/wp\/v2\/users\/3"}],"replies":[{"embeddable":true,"href":"https:\/\/fkgintra.lt\/en\/wp-json\/wp\/v2\/comments?post=912"}],"version-history":[{"count":42,"href":"https:\/\/fkgintra.lt\/en\/wp-json\/wp\/v2\/pages\/912\/revisions"}],"predecessor-version":[{"id":7793,"href":"https:\/\/fkgintra.lt\/en\/wp-json\/wp\/v2\/pages\/912\/revisions\/7793"}],"wp:attachment":[{"href":"https:\/\/fkgintra.lt\/en\/wp-json\/wp\/v2\/media?parent=912"}],"curies":[{"name":"wp","href":"https:\/\/api.w.org\/{rel}","templated":true}]}}