{"id":1994,"date":"2025-08-07T15:37:07","date_gmt":"2025-08-07T15:37:07","guid":{"rendered":"https:\/\/fkgintra.lt\/?post_type=product&#038;p=1994"},"modified":"2025-08-08T08:08:46","modified_gmt":"2025-08-08T08:08:46","slug":"oficialus-klubo-marskineliai-geltoni","status":"publish","type":"product","link":"https:\/\/fkgintra.lt\/en\/product\/oficialus-klubo-marskineliai-geltoni\/","title":{"rendered":"Var\u017eybiniai mar\u0161kin\u0117liai (geltoni)"},"content":{"rendered":"<p>Dydis: pagal poreik\u012f (S, M, L, XL)<\/p>\n<p><em>Papildoma paslauga:<\/em>\u00a0numerio, pavard\u0117s spauda<br \/>\n<em>Papildomos paslaugos kaina:<\/em>\u00a0+5 Eur.<br \/>\n<strong>U\u017esakymai priimami el. p. info@fkgintra.lt<br \/>\nOrders available by email info@fkgintra.lt<\/strong><\/p>","protected":false},"excerpt":{"rendered":"<p>Dydis: pagal poreik\u012f (S, M, L, XL) Papildoma paslauga:\u00a0numerio, pavard\u0117s spauda Papildomos paslaugos kaina:\u00a0+5 Eur. U\u017esakymai priimami el. p. info@fkgintra.lt Orders available by email info@fkgintra.lt<\/p>","protected":false},"featured_media":7216,"comment_status":"open","ping_status":"closed","template":"","meta":[],"product_cat":[128],"product_tag":[],"_links":{"self":[{"href":"https:\/\/fkgintra.lt\/en\/wp-json\/wp\/v2\/product\/1994"}],"collection":[{"href":"https:\/\/fkgintra.lt\/en\/wp-json\/wp\/v2\/product"}],"about":[{"href":"https:\/\/fkgintra.lt\/en\/wp-json\/wp\/v2\/types\/product"}],"replies":[{"embeddable":true,"href":"https:\/\/fkgintra.lt\/en\/wp-json\/wp\/v2\/comments?post=1994"}],"wp:featuredmedia":[{"embeddable":true,"href":"https:\/\/fkgintra.lt\/en\/wp-json\/wp\/v2\/media\/7216"}],"wp:attachment":[{"href":"https:\/\/fkgintra.lt\/en\/wp-json\/wp\/v2\/media?parent=1994"}],"wp:term":[{"taxonomy":"product_cat","embeddable":true,"href":"https:\/\/fkgintra.lt\/en\/wp-json\/wp\/v2\/product_cat?post=1994"},{"taxonomy":"product_tag","embeddable":true,"href":"https:\/\/fkgintra.lt\/en\/wp-json\/wp\/v2\/product_tag?post=1994"}],"curies":[{"name":"wp","href":"https:\/\/api.w.org\/{rel}","templated":true}]}}